{"id":4104,"date":"2017-07-31T10:04:03","date_gmt":"2017-07-31T10:04:03","guid":{"rendered":"http:\/\/pflegedienst-ab.de\/?page_id=4104"},"modified":"2023-06-08T11:03:08","modified_gmt":"2023-06-08T11:03:08","slug":"menueservice","status":"publish","type":"page","link":"https:\/\/pflegedienst-ab.de\/?page_id=4104","title":{"rendered":"Men\u00fcservice"},"content":{"rendered":"<p>[et_pb_section fb_built=&#8220;1&#8243; admin_label=&#8220;Sektion&#8220; _builder_version=&#8220;3.22.3&#8243;][et_pb_row admin_label=&#8220;Zeile&#8220; _builder_version=&#8220;3.22.3&#8243; background_size=&#8220;initial&#8220; background_position=&#8220;top_left&#8220; background_repeat=&#8220;repeat&#8220;][et_pb_column type=&#8220;1_2&#8243; _builder_version=&#8220;3.0.47&#8243;][et_pb_text admin_label=&#8220;Text&#8220; _builder_version=&#8220;3.22.5&#8243; border_style=&#8220;solid&#8220;]<\/p>\n<h1><span style=\"color: #609085;\">Men\u00fcservice<\/span><\/h1>\n<p><strong>Hausmannskost und traditionell gekochte Gerichte<\/strong><\/p>\n<p><span style=\"color: #333333;\">Wir liefern t\u00e4glich (auch an Sonn- und Feiertagen) frisch gekocht<\/span><br \/>\n<span style=\"color: #333333;\"> zu Ihnen nach Hause.<\/span><\/p>\n<p><span style=\"color: #333333;\">T\u00e4glich stehen zwei Gerichte zur Auswahl.<\/span><\/p>\n<p><span style=\"color: #333333;\">\u00a0Zus\u00e4tzlich k\u00f6nnen Sie t\u00e4glich einen Salat und ein Dessert w\u00e4hlen.<\/span><\/p>\n<p><span style=\"color: #333333;\">Es entstehen keine langen Warmhaltezeiten.<\/span><\/p>\n<p><span style=\"color: #333333;\">Das Speisenangebot wird saisonal gestaltet.<\/span><br \/>\n<span style=\"color: #333333;\"> Wir bieten ein monatlich wechselndes Angebot.<\/span><\/p>\n<p><span style=\"color: #333333;\">Produkte regionaler Lieferanten (Obst, Gem\u00fcse, Fleisch) werden vorrangig einbezogen.<\/span><\/p>\n<p><span style=\"color: #333333;\">Auf Wunsch richten wir Ihnen das Essen auf dem Teller an.<\/span><\/p>\n<p>&nbsp;<\/p>\n<p><span style=\"color: #609085;\"><strong>Sie haben Interesse? &#8211; Fordern Sie sich einen aktuellen Speiseplan an.<\/strong><\/span><\/p>\n<a href='mailto:info@pflegedienst-ab.de' class='icon-button download-icon'>Speiseplan<span class='et-icon'><\/span><\/a>\n<p><strong>Sie haben Fragen oder m\u00f6chten Ihre Bestellung \u00e4ndern?<\/strong><br \/>\n<strong> Sie erreichen uns unter 03 57 25 \/ 92 99 0<\/strong><\/p>\n<p>&nbsp;[\/et_pb_text][\/et_pb_column][et_pb_column type=&#8220;1_2&#8243; _builder_version=&#8220;3.0.47&#8243;][et_pb_image src=&#8220;https:\/\/pflegedienst-ab.de\/wp-content\/uploads\/2017\/07\/Fotolia_54788431_L.jpg&#8220; admin_label=&#8220;Bild&#8220; _builder_version=&#8220;3.0.87&#8243; animation_style=&#8220;fade&#8220; animation_duration=&#8220;500ms&#8220; border_color=&#8220;#16a085&#8243; border_style=&#8220;solid&#8220; sticky=&#8220;off&#8220;][\/et_pb_image][\/et_pb_column][\/et_pb_row][\/et_pb_section]<\/p>\n","protected":false},"excerpt":{"rendered":"<p>[et_pb_section fb_built=&#8220;1&#8243; admin_label=&#8220;Sektion&#8220; _builder_version=&#8220;3.22.3&#8243;][et_pb_row admin_label=&#8220;Zeile&#8220; _builder_version=&#8220;3.22.3&#8243; background_size=&#8220;initial&#8220; background_position=&#8220;top_left&#8220; background_repeat=&#8220;repeat&#8220;][et_pb_column type=&#8220;1_2&#8243; _builder_version=&#8220;3.0.47&#8243;][et_pb_text admin_label=&#8220;Text&#8220; _builder_version=&#8220;3.22.5&#8243; border_style=&#8220;solid&#8220;] Men\u00fcservice Hausmannskost und traditionell gekochte Gerichte Wir liefern t\u00e4glich (auch an Sonn- und Feiertagen) frisch gekocht zu Ihnen nach Hause. T\u00e4glich stehen zwei Gerichte zur Auswahl. \u00a0Zus\u00e4tzlich k\u00f6nnen Sie t\u00e4glich einen Salat und ein Dessert w\u00e4hlen. Es entstehen keine langen Warmhaltezeiten. [&hellip;]<\/p>\n","protected":false},"author":3,"featured_media":0,"parent":0,"menu_order":0,"comment_status":"closed","ping_status":"closed","template":"","meta":{"_et_pb_use_builder":"on","_et_pb_old_content":""},"_links":{"self":[{"href":"https:\/\/pflegedienst-ab.de\/index.php?rest_route=\/wp\/v2\/pages\/4104"}],"collection":[{"href":"https:\/\/pflegedienst-ab.de\/index.php?rest_route=\/wp\/v2\/pages"}],"about":[{"href":"https:\/\/pflegedienst-ab.de\/index.php?rest_route=\/wp\/v2\/types\/page"}],"author":[{"embeddable":true,"href":"https:\/\/pflegedienst-ab.de\/index.php?rest_route=\/wp\/v2\/users\/3"}],"replies":[{"embeddable":true,"href":"https:\/\/pflegedienst-ab.de\/index.php?rest_route=%2Fwp%2Fv2%2Fcomments&post=4104"}],"version-history":[{"count":23,"href":"https:\/\/pflegedienst-ab.de\/index.php?rest_route=\/wp\/v2\/pages\/4104\/revisions"}],"predecessor-version":[{"id":4783,"href":"https:\/\/pflegedienst-ab.de\/index.php?rest_route=\/wp\/v2\/pages\/4104\/revisions\/4783"}],"wp:attachment":[{"href":"https:\/\/pflegedienst-ab.de\/index.php?rest_route=%2Fwp%2Fv2%2Fmedia&parent=4104"}],"curies":[{"name":"wp","href":"https:\/\/api.w.org\/{rel}","templated":true}]}}