{"id":4037,"date":"2017-07-27T09:05:37","date_gmt":"2017-07-27T09:05:37","guid":{"rendered":"http:\/\/pflegedienst-ab.de\/?page_id=4037"},"modified":"2017-08-30T14:42:14","modified_gmt":"2017-08-30T14:42:14","slug":"zusaetzliche-betreuungsleistungen","status":"publish","type":"page","link":"https:\/\/pflegedienst-ab.de\/?page_id=4037","title":{"rendered":"Zus\u00e4tzliche Betreuungsleistungen"},"content":{"rendered":"<p>[et_pb_section bb_built=&#8220;1&#8243; admin_label=&#8220;section&#8220;][et_pb_row admin_label=&#8220;row&#8220; background_position=&#8220;top_left&#8220; background_repeat=&#8220;repeat&#8220; background_size=&#8220;initial&#8220;][et_pb_column type=&#8220;4_4&#8243;][et_pb_text admin_label=&#8220;Text&#8220; _builder_version=&#8220;3.0.51&#8243; background_layout=&#8220;light&#8220; text_orientation=&#8220;left&#8220; border_style=&#8220;solid&#8220;]<\/p>\n<h2 class=\"subheadline\"><span style=\"color: #16a085;\">Zus\u00e4tzliche Betreuungs- und Entlastungsleistungen<\/span><\/h2>\n<p class=\"subheadline\">nach \u00a7 45 SGB XI<\/p>\n<p>Jeder Pflegebed\u00fcrftige, dem mindestens der Pflegegrad 1 zuerkannt wurde, hat die M\u00f6glichkeit, zus\u00e4tzliche Betreuungs- und Entlastungsleistungen unseres Pflegeteams in Anspruch nehmen.<\/p>\n<p>Zur Finanzierung der Zusatzleistungen stellt sie Pflegekasse einen <strong>Entlastungsbetrag von 125,-\u20ac monatlich<\/strong> bereit.<\/p>\n<p>Ziel dieser Pflegerg\u00e4nzungsleistungen ist nicht zuletzt, <strong>zus\u00e4tzliche Freir\u00e4ume<\/strong> und <strong>M\u00f6glichkeiten der Entlastung f\u00fcr pflegende Angeh\u00f6rige<\/strong> zu schaffen.<\/p>\n<p><strong>Zu den zus\u00e4tzlichen Betreuungs- und Entlastungsleistungen geh\u00f6ren beispielsweise:<\/strong><\/p>\n<ul>\n<li>Unterst\u00fctzung bei T\u00e4tigkeiten im Haushalt\n<ul>\n<li>Reinigen der Wohnung<\/li>\n<li>Fenster putzen<\/li>\n<li>Hausordnung in Mietsh\u00e4usern<\/li>\n<\/ul>\n<\/li>\n<li>Einzelbetreuung\n<ul>\n<li>Begleitung bei Arztbesuchen<\/li>\n<li>Begleitung bei Spazierg\u00e4ngen \/ Ausfahrten<\/li>\n<li>Beaufsichtigung \/ Gespr\u00e4che zur Biographie und zum Tagesgeschehen<\/li>\n<li>Anleitung zur Tagesstrukturierung<\/li>\n<li>Begleitung bei Veranstaltungen<\/li>\n<li>Spiele<\/li>\n<li>Hilfen bei der Orientierung<\/li>\n<li>Ged\u00e4chtnistraining<\/li>\n<li>Vorlesen \/ Zeitungsschau etc.<\/li>\n<\/ul>\n<\/li>\n<li>Gruppenbetreuung<\/li>\n<\/ul>\n<p>Teilnahme an gestalteten Seniorennachmittagen \u2013 an 4 Tagen in der Woche veranstalten wir gesellige Nachmittage oder kleinere Ausfahrten in kleiner Runde (ca. 6 Teilnehmer). Die Veranstaltungen erstrecken sich auf ca. 3 Stunden. Sie werden von unseren freundlichen Mitarbeiterinnen zu Hause abgeholt und auch wieder nach Hause gebracht.<\/p>\n<p><a href=\"https:\/\/pflegedienst-ab.de\/?page_id=3946\"><span style=\"color: #16a085;\">&lt;&lt;&lt; zur\u00fcck<\/span><\/a><\/p>\n<p>[\/et_pb_text][\/et_pb_column][\/et_pb_row][\/et_pb_section]<\/p>\n","protected":false},"excerpt":{"rendered":"<p>[et_pb_section bb_built=&#8220;1&#8243; admin_label=&#8220;section&#8220;][et_pb_row admin_label=&#8220;row&#8220; background_position=&#8220;top_left&#8220; background_repeat=&#8220;repeat&#8220; background_size=&#8220;initial&#8220;][et_pb_column type=&#8220;4_4&#8243;][et_pb_text admin_label=&#8220;Text&#8220; _builder_version=&#8220;3.0.51&#8243; background_layout=&#8220;light&#8220; text_orientation=&#8220;left&#8220; border_style=&#8220;solid&#8220;] Zus\u00e4tzliche Betreuungs- und Entlastungsleistungen nach \u00a7 45 SGB XI Jeder Pflegebed\u00fcrftige, dem mindestens der Pflegegrad 1 zuerkannt wurde, hat die M\u00f6glichkeit, zus\u00e4tzliche Betreuungs- und Entlastungsleistungen unseres Pflegeteams in Anspruch nehmen. Zur Finanzierung der Zusatzleistungen stellt sie Pflegekasse einen Entlastungsbetrag von 125,-\u20ac monatlich [&hellip;]<\/p>\n","protected":false},"author":3,"featured_media":0,"parent":0,"menu_order":0,"comment_status":"closed","ping_status":"closed","template":"","meta":{"_et_pb_use_builder":"on","_et_pb_old_content":"<p class=\"subheadline\">nach \u00a7 45 SGB XI<\/p><p>Menschen, die einen erh\u00f6hten Bedarf an allgemeiner Beaufsichtigung und Betreuung haben \u2013 z.B. Menschen mit Demenz oder Menschen mit Depressionen \u2013 k\u00f6nnen bei entsprechendem Gutachten des Medizinischen Dienstes der Krankenversicherung zus\u00e4tzliche Betreuungsleistungen unseres Pflegeteams in Anspruch nehmen.<\/p><p>Ziel dieser Pflegerg\u00e4nzungsleistungen ist nicht zuletzt, <strong>zus\u00e4tzliche Freir\u00e4ume<\/strong> und <strong>M\u00f6glichkeiten der Entlastung f\u00fcr pflegende Angeh\u00f6rige<\/strong> zu schaffen. Gern sind wir Ihnen bei der Beantragung dieser Leistungen behilflich.<\/p><h4>Zu den zus\u00e4tzlichen Betreuungsleistungen geh\u00f6ren beispielsweise:<\/h4><ul><li>Beaufsichtigung<\/li><li>Anleitung zur Tagesstrukturierung<\/li><li>Begleitung bei Spazierg\u00e4ngen \/ Ausfahrten<\/li><li>Begleitung bei Veranstaltungen<\/li><li>Spiele<\/li><li>Hilfen bei der Orientierung<\/li><li>Ged\u00e4chtnistraining<\/li><li>Vorlesen \/ Zeitungsschau etc.<\/li><\/ul><p>Die zus\u00e4tzlichen Betreuungsleistungen richten sich nach dem individuellen Betreuungsbedarf.<\/p><h4>Finanzierung<\/h4><p>Zur Finanzierung der zus\u00e4tzlichen Betreuungsleistungen im Rahmen der ambulanten Pflege stellen die Pflegekassen je nach Gutachten des Medizinischen Dienstes der Krankenversicherung einen Betrag von bis zu 1200,00\u20ac (Grundbetrag) bzw. 2400,00 (erh\u00f6hter Betrag) pro Jahr zur Verf\u00fcgung.<\/p>"},"_links":{"self":[{"href":"https:\/\/pflegedienst-ab.de\/index.php?rest_route=\/wp\/v2\/pages\/4037"}],"collection":[{"href":"https:\/\/pflegedienst-ab.de\/index.php?rest_route=\/wp\/v2\/pages"}],"about":[{"href":"https:\/\/pflegedienst-ab.de\/index.php?rest_route=\/wp\/v2\/types\/page"}],"author":[{"embeddable":true,"href":"https:\/\/pflegedienst-ab.de\/index.php?rest_route=\/wp\/v2\/users\/3"}],"replies":[{"embeddable":true,"href":"https:\/\/pflegedienst-ab.de\/index.php?rest_route=%2Fwp%2Fv2%2Fcomments&post=4037"}],"version-history":[{"count":10,"href":"https:\/\/pflegedienst-ab.de\/index.php?rest_route=\/wp\/v2\/pages\/4037\/revisions"}],"predecessor-version":[{"id":4192,"href":"https:\/\/pflegedienst-ab.de\/index.php?rest_route=\/wp\/v2\/pages\/4037\/revisions\/4192"}],"wp:attachment":[{"href":"https:\/\/pflegedienst-ab.de\/index.php?rest_route=%2Fwp%2Fv2%2Fmedia&parent=4037"}],"curies":[{"name":"wp","href":"https:\/\/api.w.org\/{rel}","templated":true}]}}