{"id":3946,"date":"2017-07-11T13:09:08","date_gmt":"2017-07-11T13:09:08","guid":{"rendered":"http:\/\/pflegedienst-ab.de\/?page_id=3946"},"modified":"2023-06-08T11:01:28","modified_gmt":"2023-06-08T11:01:28","slug":"leistungen-2","status":"publish","type":"page","link":"https:\/\/pflegedienst-ab.de\/?page_id=3946","title":{"rendered":"Leistungen"},"content":{"rendered":"<p>[et_pb_section fb_built=&#8220;1&#8243; admin_label=&#8220;Sektion&#8220; _builder_version=&#8220;3.22.3&#8243;][et_pb_row admin_label=&#8220;Zeile&#8220; _builder_version=&#8220;3.22.3&#8243; background_size=&#8220;initial&#8220; background_position=&#8220;top_left&#8220; background_repeat=&#8220;repeat&#8220;][et_pb_column type=&#8220;4_4&#8243; _builder_version=&#8220;3.0.47&#8243;][et_pb_text admin_label=&#8220;Text&#8220; _builder_version=&#8220;3.22.5&#8243; background_size=&#8220;initial&#8220; background_position=&#8220;top_left&#8220; background_repeat=&#8220;repeat&#8220; text_orientation=&#8220;center&#8220; module_alignment=&#8220;center&#8220;]<\/p>\n<h1><span style=\"color: #609085;\">Unsere Leistungen<\/span><\/h1>\n<p>Wir bieten Ihnen Leistungen in folgenden Bereichen der h\u00e4uslichen Pflege an:[\/et_pb_text][\/et_pb_column][\/et_pb_row][\/et_pb_section][et_pb_section fb_built=&#8220;1&#8243; admin_label=&#8220;section&#8220; _builder_version=&#8220;3.22.3&#8243;][et_pb_row admin_label=&#8220;row&#8220; _builder_version=&#8220;3.22.3&#8243; background_size=&#8220;initial&#8220; background_position=&#8220;top_left&#8220; background_repeat=&#8220;repeat&#8220;][et_pb_column type=&#8220;1_3&#8243; _builder_version=&#8220;3.0.47&#8243;][et_pb_blurb title=&#8220;Pflegesach- und Kombinationsleistungen &#8220; use_icon=&#8220;on&#8220; font_icon=&#8220;%%45%%&#8220; icon_color=&#8220;#16a085&#8243; icon_placement=&#8220;left&#8220; admin_label=&#8220;Pflegesachleistungen\/Kombinationsleistungen&#8220; _builder_version=&#8220;3.0.87&#8243; background_color=&#8220;#ffffff&#8220; background_size=&#8220;initial&#8220; background_position=&#8220;top_left&#8220; background_repeat=&#8220;repeat&#8220; text_orientation=&#8220;center&#8220; border_style=&#8220;solid&#8220;]- Unterst\u00fctzung bei der Verrichtung des t\u00e4glichen Lebens<\/p>\n<p>In einem Erstgespr\u00e4ch er\u00f6rtern wir gemeinsam mit Ihnen bzw. Ihren Angeh\u00f6rigen, in welchem Umfang Sie Unterst\u00fctzung ben\u00f6tigen, um Sie entsprechend Ihrem individuellen Pflegebedarf ganzheitlich und aktivierend pflegen zu k\u00f6nnen. Dabei k\u00f6nnen die Pflegeleistungen bei Ver\u00e4nderungen des Gesundheitszustandes jederzeit angepasst werden.<\/p>\n<p><strong>Finanzierung der Pflegesachleistungen<\/strong><\/p>\n<p>Abh\u00e4ngig davon, welchen Pflegegrad &#8230;<\/p>\n<p><a href=\"https:\/\/pflegedienst-ab.de\/?page_id=3961\"><span style=\"color: #808080;\"><span style=\"color: #16a085;\">&gt;&gt;&gt; weiterlesen<\/span><\/span><\/a><\/p>\n<p>&nbsp;<br \/>\n[\/et_pb_blurb][\/et_pb_column][et_pb_column type=&#8220;1_3&#8243; _builder_version=&#8220;3.0.47&#8243;][et_pb_blurb title=&#8220;Verhinderungspflege \/ Urlaubspflege&#8220; use_icon=&#8220;on&#8220; font_icon=&#8220;%%45%%&#8220; icon_color=&#8220;#16a085&#8243; icon_placement=&#8220;left&#8220; admin_label=&#8220;Verhinderungspflege \/ Urlaubspflege&#8220; _builder_version=&#8220;3.0.74&#8243; background_size=&#8220;initial&#8220; background_position=&#8220;top_left&#8220; background_repeat=&#8220;repeat&#8220; text_orientation=&#8220;center&#8220;]Wenn Sie als pflegender Angeh\u00f6riger in Ihren wohlverdienten Urlaub gehen m\u00f6chten oder durch Krankheit oder andere Gr\u00fcnde verhindert sind, haben Sie die M\u00f6glichkeit, eine Vertretung f\u00fcr bis zu vier Wochen im Kalenderjahr in Anspruch zu nehmen.<\/p>\n<p>Auch wenn Sie nur f\u00fcr einige Stunden verhindert sind, beispielsweise wenn Sie selbst einen Arzttermin haben oder zu einer Familienfeier gehen m\u00f6chten, k\u00f6nnen Sie unsere Hilfe als <strong>stundenweise Verhinderungspflege<\/strong> nutzen.<\/p>\n<p><a href=\"https:\/\/pflegedienst-ab.de\/?page_id=3984\"><span style=\"color: #16a085;\">&gt;&gt;&gt; weiterlesen<\/span><\/a><\/p>\n<p>&nbsp;<br \/>\n[\/et_pb_blurb][\/et_pb_column][et_pb_column type=&#8220;1_3&#8243; _builder_version=&#8220;3.0.47&#8243;][et_pb_blurb title=&#8220;H\u00e4usliche Krankenpflege&#8220; use_icon=&#8220;on&#8220; font_icon=&#8220;%%45%%&#8220; icon_color=&#8220;#16a085&#8243; icon_placement=&#8220;left&#8220; admin_label=&#8220;H\u00e4usliche Krankenpflege&#8220; _builder_version=&#8220;3.0.74&#8243; background_size=&#8220;initial&#8220; background_position=&#8220;top_left&#8220; background_repeat=&#8220;repeat&#8220; text_orientation=&#8220;center&#8220;]<\/p>\n<p class=\"subheadline\">Erf\u00fcllung \u00e4rztlicher Verordnungen<\/p>\n<p>Sie oder Ihre Angeh\u00f6rigen ben\u00f6tigen Hilfe beim Einnehmen der Medikamente, beim Wechseln von Wundverb\u00e4nden oder beim Spritzen von Insulin? \u2013 Unsere staatlich gepr\u00fcften Altenpfleger\/innen und Gesundheits- und Krankenpfleger\/innen \u00fcbernehmen dies gerne f\u00fcr Sie.<br \/>\n<strong>Unser Pflegedienst arbeitet eng mit Ihrem Arzt zusammen<\/strong> und sorgt f\u00fcr die regelm\u00e4\u00dfige Beantragung der Leistungen bei der Krankenkasse\u00a0 &#8230;<\/p>\n<p><a href=\"https:\/\/pflegedienst-ab.de\/?page_id=3998\"><span style=\"color: #16a085;\">&gt;&gt;&gt; weiterlesen<\/span><\/a><br \/>\n[\/et_pb_blurb][\/et_pb_column][\/et_pb_row][et_pb_row admin_label=&#8220;row&#8220; _builder_version=&#8220;3.22.3&#8243; background_size=&#8220;initial&#8220; background_position=&#8220;top_left&#8220; background_repeat=&#8220;repeat&#8220;][et_pb_column type=&#8220;1_3&#8243; _builder_version=&#8220;3.0.47&#8243;][et_pb_blurb title=&#8220;Zus\u00e4tzliche Betreuungsleistungen&#8220; use_icon=&#8220;on&#8220; font_icon=&#8220;%%45%%&#8220; icon_color=&#8220;#16a085&#8243; icon_placement=&#8220;left&#8220; admin_label=&#8220;Zus\u00e4tzliche Betreuungsleistungen&#8220; _builder_version=&#8220;3.0.74&#8243; background_size=&#8220;initial&#8220; background_position=&#8220;top_left&#8220; background_repeat=&#8220;repeat&#8220; text_orientation=&#8220;center&#8220;]<\/p>\n<p class=\"subheadline\">nach \u00a7 45 SGB XI<\/p>\n<p>Jeder Pflegebed\u00fcrftige, dem mindestens der Pflegegrad 1 zuerkannt wurde, hat die M\u00f6glichkeit, zus\u00e4tzliche Betreuungs- und Entlastungsleistungen unseres Pflegeteams in Anspruch nehmen. Zur Finanzierung der Zusatzleistungen stellt sie Pflegekasse einen <strong>Entlastungsbetrag von 125,-\u20ac monatlich<\/strong> bereit.<br \/>\nZiel dieser Pflegerg\u00e4nzungsleistungen ist nicht zuletzt, <strong>zus\u00e4tzliche Freir\u00e4ume<\/strong> und <strong>M\u00f6glichkeiten der Entlastung f\u00fcr pflegende Angeh\u00f6rige<\/strong><br \/>\nzu schaffen &#8230;<strong><br \/>\n<\/strong><\/p>\n<p><a href=\"https:\/\/pflegedienst-ab.de\/?page_id=4037\"><span style=\"color: #808080;\"><span style=\"color: #16a085;\">&gt;&gt;&gt; weiterles<\/span><\/span><span style=\"color: #808080;\"><span style=\"color: #16a085;\">en<\/span><\/span><\/a><\/p>\n<p>&nbsp;<br \/>\n[\/et_pb_blurb][\/et_pb_column][et_pb_column type=&#8220;1_3&#8243; _builder_version=&#8220;3.0.47&#8243;][et_pb_blurb title=&#8220;Wir beraten Sie&#8220; use_icon=&#8220;on&#8220; font_icon=&#8220;%%45%%&#8220; icon_color=&#8220;#16a085&#8243; icon_placement=&#8220;left&#8220; admin_label=&#8220;Pflegeberatungsbesuche&#8220; _builder_version=&#8220;3.0.74&#8243; background_size=&#8220;initial&#8220; background_position=&#8220;top_left&#8220; background_repeat=&#8220;repeat&#8220; text_orientation=&#8220;center&#8220;]<\/p>\n<p class=\"subheadline\">nach \u00a7 37.3 SGB XI<\/p>\n<p>Wenn Sie einen Angeh\u00f6rigen zu Hause pflegen und daf\u00fcr Pflegegeld von der Pflegekasse erhalten, sind Sie verpflichtet, sich einmal im Halbjahr (bei Pflegegrad 1 bis 3) bzw. einmal im Quartal (bei Pflegegrad 4 und 5) von einer zugelassenen Pflegeeinrichtung \u2013 wie der Ambulanter Pflegedienst Anja Ballandt GmbH \u2013 beraten zu lassen.<br \/>\n<strong>Sie werden von einer erfahrenen Pflegefachkraft zu Hause besucht<\/strong> und haben die M\u00f6glichkeit, Fragen im Zusammenhang mit der Pflege Ihres Angeh\u00f6rigen zu stellen &#8230;<\/p>\n<p><a href=\"https:\/\/pflegedienst-ab.de\/?page_id=4056\"><span style=\"color: #16a085;\">&gt;&gt;&gt; weiterlesen<\/span><\/a><br \/>\n[\/et_pb_blurb][\/et_pb_column][et_pb_column type=&#8220;1_3&#8243; _builder_version=&#8220;3.0.47&#8243;][et_pb_image src=&#8220;https:\/\/pflegedienst-ab.de\/wp-content\/uploads\/2017\/07\/logo-vitakt.jpg&#8220; admin_label=&#8220;Bild&#8220; _builder_version=&#8220;3.0.74&#8243; animation_style=&#8220;fade&#8220; animation_duration=&#8220;500ms&#8220;][\/et_pb_image][et_pb_blurb title=&#8220;Vitakt-Hausnotruf-Service&#8220; use_icon=&#8220;on&#8220; font_icon=&#8220;%%45%%&#8220; icon_color=&#8220;#16a085&#8243; icon_placement=&#8220;left&#8220; admin_label=&#8220;Vitakt-Hausnotruf&#8220; _builder_version=&#8220;3.0.74&#8243; background_size=&#8220;initial&#8220; background_position=&#8220;top_left&#8220; background_repeat=&#8220;repeat&#8220; text_orientation=&#8220;center&#8220;]<\/p>\n<p class=\"subheadline\">in Kooperation mit der Vitakt Hausnotruf GmbH<\/p>\n<p><strong>Die Gewissheit, dass jemand da ist!<br \/>\n<\/strong><\/p>\n<p><strong>Hausnotrufsysteme<\/strong> sind daf\u00fcr da, Hilfe per Knopfdruck zu holen. Vitakt erfasst die Situation und kontaktiert Ihre Angeh\u00f6rigen, Nachbarn oder unseren Pflegedienst als Vitaktpartner f\u00fcr schnelle Hilfe. Die Mitarbeiter von <strong>Vitakt sind an 365 Tagen<\/strong> im Jahr 24 Stunden f\u00fcr Sie da&#8230;<\/p>\n<p><a href=\"https:\/\/pflegedienst-ab.de\/?page_id=4086\"><span style=\"color: #16a085;\"> &gt;&gt;&gt; weiterlesen<\/span><\/a><\/p>\n<p>&nbsp;<br \/>\n[\/et_pb_blurb][\/et_pb_column][\/et_pb_row][\/et_pb_section][et_pb_section fb_built=&#8220;1&#8243; admin_label=&#8220;Sektion&#8220; _builder_version=&#8220;3.22.5&#8243; background_color=&#8220;#609085&#8243;][et_pb_row admin_label=&#8220;Zeile&#8220; _builder_version=&#8220;3.22.3&#8243; background_size=&#8220;initial&#8220; background_position=&#8220;top_left&#8220; background_repeat=&#8220;repeat&#8220;][et_pb_column type=&#8220;1_2&#8243; _builder_version=&#8220;3.0.47&#8243;][et_pb_text admin_label=&#8220;Text&#8220; _builder_version=&#8220;3.0.74&#8243;]<span style=\"color: #ffffff;\">Ambulanter Pflegedienst Anja Ballandt GmbH<\/span><\/p>\n<p><span style=\"color: #ffffff;\">Franz-Mehring-Stra\u00dfe 6a<\/span><br \/>\n<span style=\"color: #ffffff;\"> 02997 Wittichenau<\/span><\/p>\n<p><span style=\"color: #ffffff;\">Telefon: 03 57 25 \/ 92 990<\/span><br \/>\n[\/et_pb_text][\/et_pb_column][et_pb_column type=&#8220;1_2&#8243; _builder_version=&#8220;3.0.47&#8243;][\/et_pb_column][\/et_pb_row][\/et_pb_section]<\/p>\n","protected":false},"excerpt":{"rendered":"<p>[et_pb_section fb_built=&#8220;1&#8243; admin_label=&#8220;Sektion&#8220; _builder_version=&#8220;3.22.3&#8243;][et_pb_row admin_label=&#8220;Zeile&#8220; _builder_version=&#8220;3.22.3&#8243; background_size=&#8220;initial&#8220; background_position=&#8220;top_left&#8220; background_repeat=&#8220;repeat&#8220;][et_pb_column type=&#8220;4_4&#8243; _builder_version=&#8220;3.0.47&#8243;][et_pb_text admin_label=&#8220;Text&#8220; _builder_version=&#8220;3.22.5&#8243; background_size=&#8220;initial&#8220; background_position=&#8220;top_left&#8220; background_repeat=&#8220;repeat&#8220; text_orientation=&#8220;center&#8220; module_alignment=&#8220;center&#8220;] Unsere Leistungen Wir bieten Ihnen Leistungen in folgenden Bereichen der h\u00e4uslichen Pflege an:[\/et_pb_text][\/et_pb_column][\/et_pb_row][\/et_pb_section][et_pb_section fb_built=&#8220;1&#8243; admin_label=&#8220;section&#8220; _builder_version=&#8220;3.22.3&#8243;][et_pb_row admin_label=&#8220;row&#8220; _builder_version=&#8220;3.22.3&#8243; background_size=&#8220;initial&#8220; background_position=&#8220;top_left&#8220; background_repeat=&#8220;repeat&#8220;][et_pb_column type=&#8220;1_3&#8243; _builder_version=&#8220;3.0.47&#8243;][et_pb_blurb title=&#8220;Pflegesach- und Kombinationsleistungen &#8220; use_icon=&#8220;on&#8220; font_icon=&#8220;%%45%%&#8220; icon_color=&#8220;#16a085&#8243; icon_placement=&#8220;left&#8220; admin_label=&#8220;Pflegesachleistungen\/Kombinationsleistungen&#8220; _builder_version=&#8220;3.0.87&#8243; background_color=&#8220;#ffffff&#8220; background_size=&#8220;initial&#8220; background_position=&#8220;top_left&#8220; background_repeat=&#8220;repeat&#8220; [&hellip;]<\/p>\n","protected":false},"author":3,"featured_media":0,"parent":0,"menu_order":0,"comment_status":"closed","ping_status":"closed","template":"","meta":{"_et_pb_use_builder":"on","_et_pb_old_content":""},"_links":{"self":[{"href":"https:\/\/pflegedienst-ab.de\/index.php?rest_route=\/wp\/v2\/pages\/3946"}],"collection":[{"href":"https:\/\/pflegedienst-ab.de\/index.php?rest_route=\/wp\/v2\/pages"}],"about":[{"href":"https:\/\/pflegedienst-ab.de\/index.php?rest_route=\/wp\/v2\/types\/page"}],"author":[{"embeddable":true,"href":"https:\/\/pflegedienst-ab.de\/index.php?rest_route=\/wp\/v2\/users\/3"}],"replies":[{"embeddable":true,"href":"https:\/\/pflegedienst-ab.de\/index.php?rest_route=%2Fwp%2Fv2%2Fcomments&post=3946"}],"version-history":[{"count":108,"href":"https:\/\/pflegedienst-ab.de\/index.php?rest_route=\/wp\/v2\/pages\/3946\/revisions"}],"predecessor-version":[{"id":4635,"href":"https:\/\/pflegedienst-ab.de\/index.php?rest_route=\/wp\/v2\/pages\/3946\/revisions\/4635"}],"wp:attachment":[{"href":"https:\/\/pflegedienst-ab.de\/index.php?rest_route=%2Fwp%2Fv2%2Fmedia&parent=3946"}],"curies":[{"name":"wp","href":"https:\/\/api.w.org\/{rel}","templated":true}]}}